{"id":19073,"date":"2025-01-27T14:51:25","date_gmt":"2025-01-27T13:51:25","guid":{"rendered":"https:\/\/www.tenutalamacchia.com\/?page_id=19073"},"modified":"2025-01-31T13:01:19","modified_gmt":"2025-01-31T12:01:19","slug":"letizia-martelli","status":"publish","type":"page","link":"https:\/\/www.tenutalamacchia.com\/en\/letizia-martelli\/","title":{"rendered":"Letizia Martelli"},"content":{"rendered":"<div class=\"wpb-content-wrapper\"><div class=\"vc_row wpb_row vc_row-fluid\"><div class=\"wpb_column vc_column_container vc_col-sm-6\"><div class=\"vc_column-inner\"><div class=\"wpb_wrapper\"><div id=\"ultimate-heading-19869f229a4bfe69\" class=\"uvc-heading ult-adjust-bottom-margin ultimate-heading-19869f229a4bfe69 uvc-1579\" data-hspacer=\"line_only\"  data-halign=\"center\" style=\"text-align:center\"><div class=\"uvc-main-heading ult-responsive\"  data-ultimate-target='.uvc-heading.ultimate-heading-19869f229a4bfe69 h2'  data-responsive-json-new='{\"font-size\":\"desktop:30px;\",\"line-height\":\"desktop:60px;\"}' ><h2 style=\"font-weight:bold;color:#86744B;\">Co-founder Letizia Martelli<\/h2><\/div><div class=\"uvc-heading-spacer line_only\" style=\"topheight:2px;\"><span class=\"uvc-headings-line\" style=\"border-style:solid;border-bottom-width:2px;border-color:#86744B;width:400px;\"><\/span><\/div><div class=\"uvc-sub-heading ult-responsive\"  data-ultimate-target='.uvc-heading.ultimate-heading-19869f229a4bfe69 .uvc-sub-heading '  data-responsive-json-new='{\"font-size\":\"\",\"line-height\":\"\"}'  style=\"font-weight:normal;\">Ciao sono Letizia e <strong>prima di ogni altra cosa sono la mamma della mia piccola Sole<\/strong> and this is the <strong>most important thing<\/strong> che ho fatto nella mia <strong>vita<\/strong>!<\/p>\n<p>Sono <strong>laureata in Scienze Ambientali<\/strong> presso l&#8217;Universit\u00e0 di Pisa e ho lavorato presso un <strong>centro di ricerca<\/strong> a Cecina. Mi sono occupata di bandi nazionali ed europei e di finanziamenti, aiutando molte aziende a <strong>ricevere ingenti contributi per realizzare le proprie attivit\u00e0<\/strong>.<\/p>\n<p>Durante questo percorso ho avuto la fortuna nel 2009\/2010 di poter organizzare con il Dipartimento di Agraria di Pisa, ma anche di partecipare per un intero anno al primo <strong>Master in &#8220;Controllo della qualit\u00e0 nella filiera vitivinicola&#8221;<\/strong>.<\/p>\n<p>In questo anno ho avuto la possibilit\u00e0 di entrare nel mondo magico del vino e ne sono rimasta infatuata.<\/p>\n<p>Mi sono lasciata avvolgere da questi sentori, da tutti i differenti profumi e nuances che avvolgono un bicchiere di vino e mi sono lasciata <strong>conquistare da questo mondo<\/strong>.<\/p>\n<p>That's when I decided that <strong>vigna e il vino dovevano far parte del mio mondo<\/strong>.<\/p>\n<p>Nel 2012 dopo un p\u00f2 di ricerca mi sono imbattuta in quella che oggi \u00e8 <strong>Tenuta La Macchia<\/strong>, un&#8217;azienda nata dal niente da me e Christian, enologo conosciuto all&#8217;interno del Master.<\/p>\n<p>Tenuta la Macchia is for me that <strong>sogno chiuso nel cassetto<\/strong>, that<strong>aria pura che ti fa respirare<\/strong>, un posto dove poter essere <strong>creativa<\/strong> e poter <strong>turning a vision into reality<\/strong>.<\/p>\n<p>Ho trasformato la mia <strong>passione per i profumi<\/strong> dati dal vino in un diffusore per ambiente,<strong> \"Aria di Macchia\"<\/strong> di cui vado molto fiera.<\/p>\n<p>Ho creato, e sto ancora creando, perch\u00e8 c&#8217;\u00e8 ancora tantissimo da fare, un <strong>grande team<\/strong> che collabora con lo stesso obiettivo.<\/p>\n<p>Siamo una grande famiglia, non si parla di collaboratori o di dipendenti, ma di persone che lavorano insieme e <strong>mettono anima e corpo<\/strong> per far conoscere il <strong>nostro progetto di nicchia fatto di qualit\u00e0 e attenzione<\/strong>.<\/p>\n<p><strong><em>Uno dei momenti pi\u00f9 belli della mia giornata? quando al calare del sole mi metto davanti alla mia vigna, chiudo gli occhi e resto avvolta da quella magia, e ringrazio per tutto questo!<\/em><\/strong><\/div><\/div><\/div><\/div><\/div><div class=\"wpb_column vc_column_container vc_col-sm-6\"><div class=\"vc_column-inner\"><div class=\"wpb_wrapper\">\n\t<div  class=\"wpb_single_image wpb_content_element vc_align_center\">\n\t\t\n\t\t<figure class=\"wpb_wrapper vc_figure\">\n\t\t\t<div class=\"vc_single_image-wrapper vc_box_circle  vc_box_border_grey\"><img fetchpriority=\"high\" decoding=\"async\" width=\"336\" height=\"336\" src=\"https:\/\/www.tenutalamacchia.com\/wp-content\/uploads\/2025\/01\/LETY-2025.jpeg\" class=\"vc_single_image-img attachment-full\" alt=\"\" title=\"LETY 2025\" srcset=\"https:\/\/www.tenutalamacchia.com\/wp-content\/uploads\/2025\/01\/LETY-2025.jpeg 336w, https:\/\/www.tenutalamacchia.com\/wp-content\/uploads\/2025\/01\/LETY-2025-200x200.jpeg 200w, https:\/\/www.tenutalamacchia.com\/wp-content\/uploads\/2025\/01\/LETY-2025-300x300.jpeg 300w, https:\/\/www.tenutalamacchia.com\/wp-content\/uploads\/2025\/01\/LETY-2025-150x150.jpeg 150w, https:\/\/www.tenutalamacchia.com\/wp-content\/uploads\/2025\/01\/LETY-2025-12x12.jpeg 12w\" sizes=\"(max-width: 336px) 100vw, 336px\"  data-dt-location=\"https:\/\/www.tenutalamacchia.com\/en\/letizia-martelli\/lety-2025\/\" \/><\/div>\n\t\t<\/figure>\n\t<\/div>\n<div class=\"ult-spacer spacer-69f229a4c07c1\" data-id=\"69f229a4c07c1\" data-height=\"20\" data-height-mobile=\"20\" data-height-tab=\"20\" data-height-tab-portrait=\"\" data-height-mobile-landscape=\"\" style=\"clear:both;display:block;\"><\/div>\n\t<div  class=\"wpb_single_image wpb_content_element vc_align_center\">\n\t\t\n\t\t<figure class=\"wpb_wrapper vc_figure\">\n\t\t\t<a href=\"https:\/\/www.ariadimacchia.it\/\" target=\"_self\"  class=\"vc_single_image-wrapper vc_box_circle  vc_box_border_grey rollover\"   ><img decoding=\"async\" class=\"vc_single_image-img\" src=\"https:\/\/www.tenutalamacchia.com\/wp-content\/uploads\/2021\/12\/ariamacchia_rosso6-scaled-1406x1406.jpg\" width=\"1406\" height=\"1406\" alt=\"ariamacchia_rosso6\" title=\"ariamacchia_rosso6\"  data-dt-location=\"https:\/\/www.tenutalamacchia.com\/en\/ariamacchia_rosso6\/\" \/><\/a>\n\t\t<\/figure>\n\t<\/div>\n<\/div><\/div><\/div><\/div><div class=\"vc_row wpb_row vc_row-fluid\"><div class=\"wpb_column vc_column_container vc_col-sm-12\"><div class=\"vc_column-inner\"><div class=\"wpb_wrapper\"><div id=\"ultimate-heading-78569f229a4c1317\" class=\"uvc-heading ult-adjust-bottom-margin ultimate-heading-78569f229a4c1317 uvc-5432\" data-hspacer=\"line_only\"  data-halign=\"center\" style=\"text-align:center\"><div class=\"uvc-main-heading ult-responsive\"  data-ultimate-target='.uvc-heading.ultimate-heading-78569f229a4c1317 h2'  data-responsive-json-new='{\"font-size\":\"desktop:30px;\",\"line-height\":\"desktop:60px;\"}' ><h2 style=\"font-weight:bold;color:#86744B;\">COME VISIT<\/h2><\/div><div class=\"uvc-heading-spacer line_only\" style=\"topheight:4px;\"><span class=\"uvc-headings-line\" style=\"border-style:solid;border-bottom-width:4px;border-color:#86744B;width:100px;\"><\/span><\/div><\/div><div class=\"wpb_gmaps_widget wpb_content_element\"><div class=\"wpb_wrapper\"><div class=\"wpb_map_wraper\"><iframe src=\"https:\/\/www.google.com\/maps\/embed?pb=!1m18!1m12!1m3!1d6304.829986131271!2d-122.4746968033092!3d37.80374752160443!2m3!1f0!2f0!3f0!3m2!1i1024!2i768!4f13.1!3m3!1m2!1s0x808586e6302615a1%3A0x86bd130251757c00!2sStorey+Ave%2C+San+Francisco%2C+CA+94129!5e0!3m2!1sen!2sus!4v1435826432051\" width=\"600\" height=\"450\" frameborder=\"0\" style=\"border:0\" allowfullscreen><\/iframe><\/div><\/div><\/div><\/div><\/div><\/div><\/div>\n<\/div>","protected":false},"excerpt":{"rendered":"<p>Co-founder Letizia MartelliCiao sono Letizia e prima di ogni altra cosa sono la mamma della mia piccola Sole e questa \u00e8 la cosa pi\u00f9 importante che ho fatto nella mia vita! Sono laureata in Scienze Ambientali presso l&#8217;Universit\u00e0 di Pisa e ho lavorato presso un centro di ricerca a Cecina. Mi sono occupata di bandi&hellip;<\/p>","protected":false},"author":2,"featured_media":0,"parent":0,"menu_order":0,"comment_status":"closed","ping_status":"closed","template":"","meta":{"footnotes":""},"class_list":["post-19073","page","type-page","status-publish","hentry","description-off"],"rttpg_featured_image_url":null,"rttpg_author":{"display_name":"Tenuta La Macchia","author_link":"https:\/\/www.tenutalamacchia.com\/en\/author\/lamacchia\/"},"rttpg_comment":0,"rttpg_category":null,"rttpg_excerpt":null,"_links":{"self":[{"href":"https:\/\/www.tenutalamacchia.com\/en\/wp-json\/wp\/v2\/pages\/19073","targetHints":{"allow":["GET"]}}],"collection":[{"href":"https:\/\/www.tenutalamacchia.com\/en\/wp-json\/wp\/v2\/pages"}],"about":[{"href":"https:\/\/www.tenutalamacchia.com\/en\/wp-json\/wp\/v2\/types\/page"}],"author":[{"embeddable":true,"href":"https:\/\/www.tenutalamacchia.com\/en\/wp-json\/wp\/v2\/users\/2"}],"replies":[{"embeddable":true,"href":"https:\/\/www.tenutalamacchia.com\/en\/wp-json\/wp\/v2\/comments?post=19073"}],"version-history":[{"count":0,"href":"https:\/\/www.tenutalamacchia.com\/en\/wp-json\/wp\/v2\/pages\/19073\/revisions"}],"wp:attachment":[{"href":"https:\/\/www.tenutalamacchia.com\/en\/wp-json\/wp\/v2\/media?parent=19073"}],"curies":[{"name":"wp","href":"https:\/\/api.w.org\/{rel}","templated":true}]}}